{"id":894,"date":"2025-10-09T16:24:17","date_gmt":"2025-10-09T16:24:17","guid":{"rendered":"https:\/\/zijiart.com\/?page_id=894"},"modified":"2026-02-08T09:14:31","modified_gmt":"2026-02-08T09:14:31","slug":"lignee","status":"publish","type":"page","link":"https:\/\/zijiart.com\/?page_id=894","title":{"rendered":"Lign\u00e9e"},"content":{"rendered":"<p>&nbsp;<\/p>\n<div class=\"separator\" style=\"text-align: center;\" data-original-attrs=\"{&quot;style&quot;:&quot;&quot;}\"><img loading=\"lazy\" decoding=\"async\" class=\"aligncenter\" src=\"http:\/\/4.bp.blogspot.com\/-diU2u0yyxw4\/T2vZ6xNBI6I\/AAAAAAAAAB0\/3LzjScFBR3U\/s1600\/6-picture2.jpg\" alt=\"\" width=\"42\" height=\"84\" border=\"0\" \/><b><span style=\"color: #0b5394;\" data-keep-original-tag=\"false\" data-original-attrs=\"{&quot;style&quot;:&quot;&quot;,&quot;face&quot;:&quot;\\&quot;trebuchet ms\\&quot; , sans-serif&quot;}\">\u00a0 Hatha-yoga\u00a0<\/span><\/b><\/div>\n<div style=\"text-align: center;\" data-original-attrs=\"{&quot;style&quot;:&quot;&quot;}\"><b><span style=\"color: #0b5394;\" data-keep-original-tag=\"false\" data-original-attrs=\"{&quot;style&quot;:&quot;&quot;,&quot;face&quot;:&quot;\\&quot;trebuchet ms\\&quot; , sans-serif&quot;}\">\u00a0<\/span><\/b><b><span style=\"color: #0b5394;\" data-keep-original-tag=\"false\" data-original-attrs=\"{&quot;style&quot;:&quot;&quot;,&quot;face&quot;:&quot;\\&quot;trebuchet ms\\&quot; , sans-serif&quot;}\">signifie \u00e9tablir le plus haut niveau\u00a0<\/span><\/b><\/div>\n<div style=\"text-align: center;\" data-original-attrs=\"{&quot;style&quot;:&quot;&quot;}\"><b><span style=\"color: #0b5394;\" data-keep-original-tag=\"false\" data-original-attrs=\"{&quot;style&quot;:&quot;&quot;,&quot;face&quot;:&quot;\\&quot;trebuchet ms\\&quot; , sans-serif&quot;}\">de coordination entre le corps et l&rsquo;esprit.\u00a0<\/span><\/b><\/div>\n<div style=\"text-align: center;\" data-original-attrs=\"{&quot;style&quot;:&quot;&quot;}\"><b><span style=\"color: #0b5394;\" data-keep-original-tag=\"false\" data-original-attrs=\"{&quot;style&quot;:&quot;&quot;,&quot;face&quot;:&quot;\\&quot;trebuchet ms\\&quot; , sans-serif&quot;}\">Le yoga a d\u00e9montr\u00e9 sans ambigu\u00eft\u00e9 que le corps\u00a0<\/span><\/b><\/div>\n<div style=\"text-align: center;\" data-original-attrs=\"{&quot;style&quot;:&quot;&quot;}\"><b><span style=\"color: #0b5394;\" data-keep-original-tag=\"false\" data-original-attrs=\"{&quot;style&quot;:&quot;&quot;,&quot;face&quot;:&quot;\\&quot;trebuchet ms\\&quot; , sans-serif&quot;}\">et l\u2019esprit sont interd\u00e9pendants.\u00a0<\/span><\/b><\/div>\n<div style=\"text-align: center;\" data-original-attrs=\"{&quot;style&quot;:&quot;&quot;}\"><b><span style=\"color: #0b5394;\" data-keep-original-tag=\"false\" data-original-attrs=\"{&quot;style&quot;:&quot;&quot;,&quot;face&quot;:&quot;\\&quot;trebuchet ms\\&quot; , sans-serif&quot;}\">Toute alt\u00e9ration dans le fonctionnement du corps\u00a0<\/span><\/b><\/div>\n<div style=\"text-align: center;\" data-original-attrs=\"{&quot;style&quot;:&quot;&quot;}\"><b><span style=\"color: #0b5394;\" data-keep-original-tag=\"false\" data-original-attrs=\"{&quot;style&quot;:&quot;&quot;,&quot;face&quot;:&quot;\\&quot;trebuchet ms\\&quot; , sans-serif&quot;}\">affecte l\u2019esprit et vice versa&#8230;<\/span><\/b><\/div>\n<div style=\"text-align: center;\" data-original-attrs=\"{&quot;style&quot;:&quot;&quot;}\"><b><span style=\"color: #0b5394;\" data-keep-original-tag=\"false\" data-original-attrs=\"{&quot;style&quot;:&quot;&quot;,&quot;face&quot;:&quot;\\&quot;trebuchet ms\\&quot; , sans-serif&quot;}\">\u00a0<\/span><\/b><\/div>\n<p style=\"text-align: center;\"><b><span style=\"color: #0b5394;\" data-keep-original-tag=\"false\" data-original-attrs=\"{&quot;style&quot;:&quot;&quot;,&quot;face&quot;:&quot;\\&quot;trebuchet ms\\&quot; , sans-serif&quot;}\">\u00a0\u00a0\u00a0\u00a0\u00a0\u00a0\u00a0\u00a0\u00a0\u00a0\u00a0\u00a0\u00a0\u00a0 Sr\u00ee Sr\u00ee Sr\u00ee Satchidananda, <\/span><\/b><\/p>\n<p style=\"text-align: center;\"><b><span style=\"color: #0b5394;\" data-keep-original-tag=\"false\" data-original-attrs=\"{&quot;style&quot;:&quot;&quot;,&quot;face&quot;:&quot;\\&quot;trebuchet ms\\&quot; , sans-serif&quot;}\">le yogi silencieux de Madras<\/span><\/b><\/p>\n<p>&nbsp;<\/p>\n<div class=\"separator\" data-original-attrs=\"{&quot;style&quot;:&quot;&quot;}\"><img loading=\"lazy\" decoding=\"async\" class=\"aligncenter wp-image-2178\" src=\"https:\/\/zijiart.com\/wp-content\/uploads\/2025\/02\/F023548F-0537-4290-A2D5-FE34BC8D0286-169x300.jpeg\" alt=\"\" width=\"108\" height=\"192\" srcset=\"https:\/\/zijiart.com\/wp-content\/uploads\/2025\/02\/F023548F-0537-4290-A2D5-FE34BC8D0286-169x300.jpeg 169w, https:\/\/zijiart.com\/wp-content\/uploads\/2025\/02\/F023548F-0537-4290-A2D5-FE34BC8D0286-574x1020.jpeg 574w, https:\/\/zijiart.com\/wp-content\/uploads\/2025\/02\/F023548F-0537-4290-A2D5-FE34BC8D0286-768x1365.jpeg 768w, https:\/\/zijiart.com\/wp-content\/uploads\/2025\/02\/F023548F-0537-4290-A2D5-FE34BC8D0286-864x1536.jpeg 864w, https:\/\/zijiart.com\/wp-content\/uploads\/2025\/02\/F023548F-0537-4290-A2D5-FE34BC8D0286-1152x2048.jpeg 1152w, https:\/\/zijiart.com\/wp-content\/uploads\/2025\/02\/F023548F-0537-4290-A2D5-FE34BC8D0286-250x444.jpeg 250w, https:\/\/zijiart.com\/wp-content\/uploads\/2025\/02\/F023548F-0537-4290-A2D5-FE34BC8D0286-1140x2027.jpeg 1140w, https:\/\/zijiart.com\/wp-content\/uploads\/2025\/02\/F023548F-0537-4290-A2D5-FE34BC8D0286-scaled.jpeg 1440w\" sizes=\"auto, (max-width: 108px) 100vw, 108px\" \/><\/div>\n<p>&nbsp;<\/p>\n<p style=\"text-align: center;\">J&rsquo;ai \u00e9t\u00e9 form\u00e9e dans la lign\u00e9e de Sr\u00ee sr\u00ee sr\u00ee Satchidananda le yogi silencieux de Madras que j&rsquo;ai rencontr\u00e9 en 1994.<\/p>\n<p style=\"text-align: center;\">Je participe d\u00e9sormais aux s\u00e9minaires de <span style=\"color: #00ccff;\">Walter Ruta<\/span>, scuolayogapramiti.it, qui assure la transmission des enseignements pour approfondir ma pratique.<\/p>\n<p style=\"text-align: center;\"><a href=\"https:\/\/www.blogger.com\/#\" data-original-attrs=\"{&quot;data-original-href&quot;:&quot;http:\/\/3.bp.blogspot.com\/-VSPmzvZ_Py8\/Vl3Ck0pKlCI\/AAAAAAAAAW4\/Lx0h8tPL2wY\/s1600\/20140814_191626.jpg&quot;,&quot;style&quot;:&quot;&quot;}\"><img loading=\"lazy\" decoding=\"async\" class=\"aligncenter\" src=\"http:\/\/3.bp.blogspot.com\/-VSPmzvZ_Py8\/Vl3Ck0pKlCI\/AAAAAAAAAW4\/Lx0h8tPL2wY\/s320\/20140814_191626.jpg\" width=\"230\" height=\"173\" border=\"0\" \/><\/a><\/p>\n<p>&nbsp;<\/p>\n<p style=\"text-align: center;\">Je suis dipl\u00f4m\u00e9e de<span class=\"Style1\" data-keep-original-tag=\"false\"> l&rsquo;\u00e9cole cefyto en Bretagne. <\/span><\/p>\n<p style=\"text-align: center;\">\u00ab Le Hatha Yoga a le pouvoir de r\u00e9v\u00e9ler admirablement et \u00e0 tous \u00e2ges les limites et les craintes de chacun. Tout aussi s\u00fbrement, il offre la possibilit\u00e9 de les d\u00e9passer ou de les apprivoiser. Cet \u00e9tat d\u2019esprit est hostile \u00e0 la performance \u2013 toujours plus loin ! Toujours plus fort \u2013 car celle-ci ne fait que d\u00e9placer les limites de l\u2019individu, sans les transcender. L\u2019esprit du yoga s\u2019attache plus \u00e0 d\u00e9conditionner le mental qu\u2019\u00e0 construire un surhomme. C\u2019est l\u00e0 toute l\u2019ambigu\u00eft\u00e9 du yoga qui souvent renforce l\u2019illusion d\u2019un corps sain, d\u2019un corps \u00e9blouissant, alors qu\u2019il devrait renoncer \u00e0 la culture de l\u2019ego. Le travail corporel ne peut se justifier que s\u2019il aboutit \u00e0 une forme efficace de d\u00e9conditionnement\u2026\u00a0\u00bb<\/p>\n<p style=\"text-align: center;\"><img loading=\"lazy\" decoding=\"async\" class=\"aligncenter\" src=\"http:\/\/3.bp.blogspot.com\/-qSdeqiwFKUM\/T2vG8cC6_TI\/AAAAAAAAABI\/USXV3KBxGVM\/s200\/Photo+267.jpg\" alt=\"\" width=\"200\" height=\"150\" border=\"0\" \/><\/p>\n<p style=\"text-align: center;\"><span class=\"Style1\" data-keep-original-tag=\"false\">\u00a0\u00a0\u00a0\u00a0\u00a0\u00a0\u00a0\u00a0\u00a0\u00a0 <\/span><span class=\"Style1\" data-keep-original-tag=\"false\">Rodolphe Milliat, ex directeur p\u00e9dagogique du Cefyto, \u00e9l\u00e8ve de Sri Satchidananda :\u00a0 <\/span><em><span class=\"Style1\" data-keep-original-tag=\"false\">\u00abLa p\u00e9dagogie des asanas\u00bb \u00e9ditions India Universalis<\/span><\/em><\/p>\n","protected":false},"excerpt":{"rendered":"<p>&nbsp; \u00a0 Hatha-yoga\u00a0 \u00a0signifie \u00e9tablir le plus haut niveau\u00a0 de coordination entre le corps et l&rsquo;esprit.\u00a0 Le yoga a d\u00e9montr\u00e9 sans ambigu\u00eft\u00e9 que le corps\u00a0 et l\u2019esprit sont interd\u00e9pendants.\u00a0 Toute alt\u00e9ration dans le fonctionnement du corps\u00a0 affecte l\u2019esprit et vice versa&#8230; \u00a0 \u00a0\u00a0\u00a0\u00a0\u00a0\u00a0\u00a0\u00a0\u00a0\u00a0\u00a0\u00a0\u00a0\u00a0 Sr\u00ee Sr\u00ee Sr\u00ee Satchidananda, le yogi silencieux de Madras &nbsp; &nbsp; J&rsquo;ai \u00e9t\u00e9 form\u00e9e dans la lign\u00e9e de Sr\u00ee sr\u00ee sr\u00ee Satchidananda le yogi silencieux de Madras que j&rsquo;ai rencontr\u00e9 en 1994. Je participe d\u00e9sormais aux s\u00e9minaires de Walter Ruta, scuolayogapramiti.it, qui assure la transmission des enseignements pour approfondir ma pratique. &nbsp; Je suis dipl\u00f4m\u00e9e de l&rsquo;\u00e9cole cefyto en Bretagne. \u00ab Le Hatha Yoga a le pouvoir de r\u00e9v\u00e9ler admirablement et \u00e0 tous \u00e2ges les limites et les craintes de chacun. Tout aussi s\u00fbrement, il offre la possibilit\u00e9 de les d\u00e9passer ou de les apprivoiser. Cet \u00e9tat d\u2019esprit est hostile \u00e0 la performance \u2013 toujours plus loin ! Toujours plus fort \u2013 car celle-ci ne fait que d\u00e9placer les limites de l\u2019individu, sans les transcender. L\u2019esprit du yoga s\u2019attache plus \u00e0 d\u00e9conditionner le mental qu\u2019\u00e0 construire un surhomme. C\u2019est l\u00e0 toute l\u2019ambigu\u00eft\u00e9 du yoga qui souvent renforce l\u2019illusion d\u2019un corps sain, d\u2019un corps \u00e9blouissant, alors qu\u2019il devrait renoncer \u00e0 la culture de l\u2019ego. Le travail corporel ne peut se justifier que s\u2019il aboutit \u00e0 une forme efficace de d\u00e9conditionnement\u2026\u00a0\u00bb \u00a0\u00a0\u00a0\u00a0\u00a0\u00a0\u00a0\u00a0\u00a0\u00a0 Rodolphe Milliat, ex directeur p\u00e9dagogique du Cefyto, \u00e9l\u00e8ve de Sri Satchidananda :\u00a0 \u00abLa p\u00e9dagogie des asanas\u00bb \u00e9ditions India Universalis<\/p>\n","protected":false},"author":2,"featured_media":0,"parent":0,"menu_order":0,"comment_status":"closed","ping_status":"closed","template":"","meta":{"footnotes":""},"class_list":["post-894","page","type-page","status-publish","hentry"],"_links":{"self":[{"href":"https:\/\/zijiart.com\/index.php?rest_route=\/wp\/v2\/pages\/894","targetHints":{"allow":["GET"]}}],"collection":[{"href":"https:\/\/zijiart.com\/index.php?rest_route=\/wp\/v2\/pages"}],"about":[{"href":"https:\/\/zijiart.com\/index.php?rest_route=\/wp\/v2\/types\/page"}],"author":[{"embeddable":true,"href":"https:\/\/zijiart.com\/index.php?rest_route=\/wp\/v2\/users\/2"}],"replies":[{"embeddable":true,"href":"https:\/\/zijiart.com\/index.php?rest_route=%2Fwp%2Fv2%2Fcomments&post=894"}],"version-history":[{"count":22,"href":"https:\/\/zijiart.com\/index.php?rest_route=\/wp\/v2\/pages\/894\/revisions"}],"predecessor-version":[{"id":2226,"href":"https:\/\/zijiart.com\/index.php?rest_route=\/wp\/v2\/pages\/894\/revisions\/2226"}],"wp:attachment":[{"href":"https:\/\/zijiart.com\/index.php?rest_route=%2Fwp%2Fv2%2Fmedia&parent=894"}],"curies":[{"name":"wp","href":"https:\/\/api.w.org\/{rel}","templated":true}]}}