{"id":892,"date":"2022-04-09T16:16:37","date_gmt":"2022-04-09T16:16:37","guid":{"rendered":"https:\/\/zijiart.com\/?page_id=892"},"modified":"2026-02-02T15:36:17","modified_gmt":"2026-02-02T15:36:17","slug":"cours-hebdomadaires","status":"publish","type":"page","link":"https:\/\/zijiart.com\/?page_id=892","title":{"rendered":"Cours"},"content":{"rendered":"<p style=\"text-align: center;\"><strong><span style=\"color: #339966;\"><em>Les inscriptions sont possibles tout au long de l&rsquo;ann\u00e9e sur place avec la professeure, pas d&rsquo;inscription ni r\u00e9servation en ligne. <\/em><\/span><\/strong><span style=\"color: #339966;\"><em><strong>Si vous n&rsquo;\u00eates jamais venu merci de vous pr\u00e9senter 10mn avant la s\u00e9ance avec une tenue confortable. Les cours sont accessibles \u00e0 tous. <\/strong><\/em><\/span><span style=\"color: #339966;\"><em><strong>Des cours \u00e0 domicile seul ou \u00e0 plusieurs sont possibles&#8230;<\/strong><\/em><\/span><\/p>\n<p style=\"text-align: center;\"><span style=\"color: #ff0000;\"><em><strong>cours d&rsquo;essai: veuillez <\/strong><\/em><em><strong>confirmer ou infirmer votre pr\u00e9sence 30mn avant par sms.<\/strong><\/em><\/span><span style=\"color: #339966;\"><em><span style=\"color: #008080;\"><strong><br \/>\n<\/strong><\/span><\/em><\/span><\/p>\n<p style=\"text-align: center;\"><span style=\"color: #339966;\"><em><span style=\"color: #008080;\"><strong>\u00a0merci <\/strong><\/span><\/em><\/span><span style=\"color: #ff0000;\"><em><strong>d&rsquo;arriver \u00e0 l &lsquo;heure<\/strong><\/em><\/span><\/p>\n<h2 style=\"text-align: left;\" data-original-attrs=\"{&quot;style&quot;:&quot;&quot;}\"><span style=\"color: #ff0000;\">Paris<\/span><\/h2>\n<p style=\"text-align: left;\" data-original-attrs=\"{&quot;style&quot;:&quot;&quot;}\"><strong><span style=\"color: #333399;\">Lundi: 19h30\/21h00 \u00a0<\/span> <\/strong><\/p>\n<p style=\"text-align: left;\" data-original-attrs=\"{&quot;style&quot;:&quot;&quot;}\"><strong><span style=\"color: #333399;\">Mardi: 12h30\/13h35 + <\/span><\/strong><span style=\"color: #993366;\"><strong>M\u00e9ditation\/13h50 (il est possible de quitter \u00e0 13h30) &#8211; D\u00e9butant &#8211;<\/strong><\/span><\/p>\n<p style=\"text-align: left;\" data-original-attrs=\"{&quot;style&quot;:&quot;&quot;}\"><strong><span style=\"color: #333399;\">Un dimanche par mois : 9h45\/13h00<\/span><span style=\"color: #333399;\"><br \/>\n<\/span><\/strong><\/p>\n<h4 style=\"text-align: left;\">\u00e0 la<\/h4>\n<h4 style=\"text-align: left;\"><span style=\"color: #ff0000;\">Maison du Yoga\u00a0<\/span><\/h4>\n<p style=\"text-align: left;\"><strong><span style=\"color: #008080;\">68 rue de la Folie M\u00e9ricourt 75011\u00a0Paris\u00a0\u00a0\u00a0\u00a0<\/span><\/strong><\/p>\n<p style=\"text-align: left;\" data-original-attrs=\"{&quot;style&quot;:&quot;&quot;}\">M\u00e9tro : Oberkampft R\u00e9publique R. Lenoir Parmentier\u00a0 ligne 5,9,3 &#8211; Bus : 96-91-46-20<\/p>\n<h3 style=\"text-align: left;\"><strong><span style=\"color: #000080;\"><img loading=\"lazy\" decoding=\"async\" class=\"alignleft wp-image-2211 size-thumbnail\" src=\"https:\/\/zijiart.com\/wp-content\/uploads\/2025\/08\/20250707_204906-1-165x165.jpg\" alt=\"\" width=\"165\" height=\"165\" srcset=\"https:\/\/zijiart.com\/wp-content\/uploads\/2025\/08\/20250707_204906-1-165x165.jpg 165w, https:\/\/zijiart.com\/wp-content\/uploads\/2025\/08\/20250707_204906-1-300x300.jpg 300w, https:\/\/zijiart.com\/wp-content\/uploads\/2025\/08\/20250707_204906-1-75x75.jpg 75w\" sizes=\"auto, (max-width: 165px) 100vw, 165px\" \/> <\/span><\/strong><\/h3>\n<h3 style=\"text-align: left;\"><\/h3>\n<h3 style=\"text-align: left;\"><\/h3>\n<h3 style=\"text-align: left;\"><\/h3>\n<h3 style=\"text-align: left;\"><\/h3>\n<h3 style=\"text-align: left;\"><\/h3>\n<h3 style=\"text-align: left;\"><\/h3>\n<p style=\"text-align: left;\"><strong><span style=\"color: #000080;\">Mardi: 19h30\/21h00<br \/>\n<\/span><\/strong><\/p>\n<h4 style=\"text-align: left;\"><span style=\"color: #ff0000;\"><span style=\"color: #000000;\">\u00e0 l&rsquo;<\/span> Espace Natb\u00e9 <\/span><\/h4>\n<p style=\"text-align: left;\"><span style=\"color: #ff0000;\"><strong><span style=\"color: #008080;\">10 bd Auguste Blanqui (place d&rsquo;Italie) 75013 Paris<\/span><\/strong><br \/>\n<\/span><\/p>\n<p style=\"text-align: left;\" data-original-attrs=\"{&quot;style&quot;:&quot;&quot;}\">M\u00e9tro Place d&rsquo;Italie. Ligne 6, 5, 7 &#8211; Bus : 61, 57, 47 &#8230;<\/p>\n<h4 style=\"text-align: left;\"><span style=\"color: #339966;\"><em><img loading=\"lazy\" decoding=\"async\" class=\"alignnone size-thumbnail wp-image-1841\" src=\"https:\/\/zijiart.com\/wp-content\/uploads\/2023\/10\/20231003_192406-165x165.jpg\" alt=\"\" width=\"165\" height=\"165\" srcset=\"https:\/\/zijiart.com\/wp-content\/uploads\/2023\/10\/20231003_192406-165x165.jpg 165w, https:\/\/zijiart.com\/wp-content\/uploads\/2023\/10\/20231003_192406-300x300.jpg 300w, https:\/\/zijiart.com\/wp-content\/uploads\/2023\/10\/20231003_192406-75x75.jpg 75w\" sizes=\"auto, (max-width: 165px) 100vw, 165px\" \/><\/em><\/span><\/h4>\n<h2 style=\"text-align: left;\" data-original-attrs=\"{&quot;style&quot;:&quot;&quot;}\"><span style=\"color: #ff0000;\">Charenton le pont: <\/span><\/h2>\n<p style=\"text-align: left;\"><strong><span style=\"color: #000080;\">Jeudi: 9h30-11h00<\/span><\/strong><span style=\"color: #666699;\"><br \/>\n<\/span><\/p>\n<h5><span style=\"color: #008080;\"><span style=\"color: #ff0000;\">Salle Jean Mermoz\u00a0<\/span> <\/span><\/h5>\n<p><span style=\"color: #008080;\"><strong>4 rue de la mairie<\/strong><\/span><\/p>\n<p style=\"text-align: left;\"><span style=\"color: #000080;\">\u00a0\u00a0 <img loading=\"lazy\" decoding=\"async\" class=\"alignnone size-thumbnail wp-image-1821\" src=\"https:\/\/zijiart.com\/wp-content\/uploads\/2023\/10\/20230928_105110-165x165.jpg\" alt=\"\" width=\"165\" height=\"165\" srcset=\"https:\/\/zijiart.com\/wp-content\/uploads\/2023\/10\/20230928_105110-165x165.jpg 165w, https:\/\/zijiart.com\/wp-content\/uploads\/2023\/10\/20230928_105110-300x300.jpg 300w, https:\/\/zijiart.com\/wp-content\/uploads\/2023\/10\/20230928_105110-75x75.jpg 75w\" sizes=\"auto, (max-width: 165px) 100vw, 165px\" \/>\u00a0\u00a0\u00a0\u00a0\u00a0\u00a0\u00a0\u00a0\u00a0\u00a0\u00a0\u00a0\u00a0\u00a0\u00a0\u00a0\u00a0\u00a0\u00a0\u00a0\u00a0\u00a0\u00a0\u00a0\u00a0\u00a0\u00a0\u00a0\u00a0\u00a0\u00a0\u00a0\u00a0\u00a0\u00a0\u00a0\u00a0\u00a0\u00a0\u00a0\u00a0\u00a0\u00a0\u00a0\u00a0\u00a0\u00a0\u00a0\u00a0\u00a0\u00a0\u00a0\u00a0\u00a0\u00a0\u00a0\u00a0\u00a0\u00a0\u00a0\u00a0\u00a0\u00a0\u00a0\u00a0\u00a0\u00a0\u00a0\u00a0\u00a0\u00a0\u00a0\u00a0\u00a0\u00a0\u00a0\u00a0\u00a0\u00a0\u00a0\u00a0\u00a0\u00a0\u00a0\u00a0\u00a0\u00a0\u00a0\u00a0\u00a0\u00a0\u00a0\u00a0\u00a0\u00a0\u00a0\u00a0\u00a0\u00a0\u00a0\u00a0\u00a0\u00a0\u00a0\u00a0\u00a0\u00a0 <\/span><\/p>\n<p style=\"text-align: left;\"><span style=\"color: #008080;\">p\u00e9riscolaire &#8211; \u00e9coles \u00e9l\u00e9mentaires<\/span><strong><span style=\"color: #000080;\"> &#8211; <\/span><\/strong><span style=\"color: #000000;\">voir avec les \u00e9coles<\/span><\/p>\n<p style=\"text-align: left;\"><img loading=\"lazy\" decoding=\"async\" class=\"alignnone size-thumbnail wp-image-1445\" src=\"https:\/\/zijiart.com\/wp-content\/uploads\/2023\/07\/20221108_165602-165x165.jpg\" alt=\"\" width=\"165\" height=\"165\" srcset=\"https:\/\/zijiart.com\/wp-content\/uploads\/2023\/07\/20221108_165602-165x165.jpg 165w, https:\/\/zijiart.com\/wp-content\/uploads\/2023\/07\/20221108_165602-300x300.jpg 300w, https:\/\/zijiart.com\/wp-content\/uploads\/2023\/07\/20221108_165602-75x75.jpg 75w\" sizes=\"auto, (max-width: 165px) 100vw, 165px\" \/><\/p>\n<h2 style=\"text-align: left;\" data-original-attrs=\"{&quot;style&quot;:&quot;&quot;}\"><span style=\"color: #ff0000;\">Universit\u00e9 Paris 8:<\/span><\/h2>\n<p style=\"text-align: left;\" data-original-attrs=\"{&quot;style&quot;:&quot;&quot;}\"><strong><span style=\"color: #000080;\"> Mercredi: <\/span><span style=\"color: #000080;\">10h15-11h45 \/ 12h05-13h30<\/span><\/strong><\/p>\n<p style=\"text-align: left;\" data-original-attrs=\"{&quot;style&quot;:&quot;&quot;}\"><span style=\"color: #000080;\"><span style=\"color: #008080;\">Si vous \u00eates \u00e9tudiant \u00e0 Paris 8<\/span><\/span><\/p>\n<p style=\"text-align: left;\" data-original-attrs=\"{&quot;style&quot;:&quot;&quot;}\"><strong>Inscription au bureau suaps de l&rsquo;universit\u00e9.<\/strong><\/p>\n<hr \/>\n<p style=\"text-align: left;\"><!--more--><\/p>\n<p style=\"text-align: left;\"><span style=\"color: #ff6600;\"><strong> Cours \u00e0 domicile<\/strong> d&rsquo;1h15 &#8211; 3 personnes minimum<\/span><br \/>\n<span style=\"color: #ff6600;\"><strong>Cours particulier<\/strong> d&rsquo;1h \u00e0 domicile <\/span><br \/>\n<span style=\"color: #ff6600;\"><strong>Cours en entreprise<\/strong> : me contacter<\/span><\/p>\n<p style=\"text-align: left;\"><img loading=\"lazy\" decoding=\"async\" class=\"alignnone size-medium wp-image-1350\" src=\"https:\/\/zijiart.com\/wp-content\/uploads\/2023\/04\/20230309_130842-scaled-e1681673280597-300x169.jpg\" alt=\"\" width=\"300\" height=\"169\" srcset=\"https:\/\/zijiart.com\/wp-content\/uploads\/2023\/04\/20230309_130842-scaled-e1681673280597-300x169.jpg 300w, https:\/\/zijiart.com\/wp-content\/uploads\/2023\/04\/20230309_130842-scaled-e1681673280597-1020x574.jpg 1020w, https:\/\/zijiart.com\/wp-content\/uploads\/2023\/04\/20230309_130842-scaled-e1681673280597-768x432.jpg 768w, https:\/\/zijiart.com\/wp-content\/uploads\/2023\/04\/20230309_130842-scaled-e1681673280597-1536x864.jpg 1536w, https:\/\/zijiart.com\/wp-content\/uploads\/2023\/04\/20230309_130842-scaled-e1681673280597-250x141.jpg 250w, https:\/\/zijiart.com\/wp-content\/uploads\/2023\/04\/20230309_130842-scaled-e1681673280597.jpg 1560w\" sizes=\"auto, (max-width: 300px) 100vw, 300px\" \/><\/p>\n<p style=\"text-align: left;\">\n","protected":false},"excerpt":{"rendered":"<p>Les inscriptions sont possibles tout au long de l&rsquo;ann\u00e9e sur place avec la professeure, pas d&rsquo;inscription ni r\u00e9servation en ligne. Si vous n&rsquo;\u00eates jamais venu merci de vous pr\u00e9senter 10mn avant la s\u00e9ance avec une tenue confortable. Les cours sont accessibles \u00e0 tous. Des cours \u00e0 domicile seul ou \u00e0 plusieurs sont possibles&#8230; cours d&rsquo;essai: veuillez confirmer ou infirmer votre pr\u00e9sence 30mn avant par sms. \u00a0merci d&rsquo;arriver \u00e0 l &lsquo;heure Paris Lundi: 19h30\/21h00 \u00a0 Mardi: 12h30\/13h35 + M\u00e9ditation\/13h50 (il est possible de quitter \u00e0 13h30) &#8211; D\u00e9butant &#8211; Un dimanche par mois : 9h45\/13h00 \u00e0 la Maison du Yoga\u00a0 68 rue de la Folie M\u00e9ricourt 75011\u00a0Paris\u00a0\u00a0\u00a0\u00a0 M\u00e9tro : Oberkampft R\u00e9publique R. Lenoir Parmentier\u00a0 ligne 5,9,3 &#8211; Bus : 96-91-46-20 Mardi: 19h30\/21h00 \u00e0 l&rsquo; Espace Natb\u00e9 10 bd Auguste Blanqui (place d&rsquo;Italie) 75013 Paris M\u00e9tro Place d&rsquo;Italie. Ligne 6, 5, 7 &#8211; Bus : 61, 57, 47 &#8230; Charenton le pont: Jeudi: 9h30-11h00 Salle Jean Mermoz\u00a0 4 rue de la mairie \u00a0\u00a0 \u00a0\u00a0\u00a0\u00a0\u00a0\u00a0\u00a0\u00a0\u00a0\u00a0\u00a0\u00a0\u00a0\u00a0\u00a0\u00a0\u00a0\u00a0\u00a0\u00a0\u00a0\u00a0\u00a0\u00a0\u00a0\u00a0\u00a0\u00a0\u00a0\u00a0\u00a0\u00a0\u00a0\u00a0\u00a0\u00a0\u00a0\u00a0\u00a0\u00a0\u00a0\u00a0\u00a0\u00a0\u00a0\u00a0\u00a0\u00a0\u00a0\u00a0\u00a0\u00a0\u00a0\u00a0\u00a0\u00a0\u00a0\u00a0\u00a0\u00a0\u00a0\u00a0\u00a0\u00a0\u00a0\u00a0\u00a0\u00a0\u00a0\u00a0\u00a0\u00a0\u00a0\u00a0\u00a0\u00a0\u00a0\u00a0\u00a0\u00a0\u00a0\u00a0\u00a0\u00a0\u00a0\u00a0\u00a0\u00a0\u00a0\u00a0\u00a0\u00a0\u00a0\u00a0\u00a0\u00a0\u00a0\u00a0\u00a0\u00a0\u00a0\u00a0\u00a0\u00a0\u00a0\u00a0\u00a0 p\u00e9riscolaire &#8211; \u00e9coles \u00e9l\u00e9mentaires &#8211; voir avec les \u00e9coles Universit\u00e9 Paris 8: Mercredi: 10h15-11h45 \/ 12h05-13h30 Si vous \u00eates \u00e9tudiant \u00e0 Paris 8 Inscription au bureau suaps de l&rsquo;universit\u00e9.<\/p>\n","protected":false},"author":2,"featured_media":0,"parent":0,"menu_order":0,"comment_status":"closed","ping_status":"closed","template":"","meta":{"footnotes":""},"class_list":["post-892","page","type-page","status-publish","hentry"],"_links":{"self":[{"href":"https:\/\/zijiart.com\/index.php?rest_route=\/wp\/v2\/pages\/892","targetHints":{"allow":["GET"]}}],"collection":[{"href":"https:\/\/zijiart.com\/index.php?rest_route=\/wp\/v2\/pages"}],"about":[{"href":"https:\/\/zijiart.com\/index.php?rest_route=\/wp\/v2\/types\/page"}],"author":[{"embeddable":true,"href":"https:\/\/zijiart.com\/index.php?rest_route=\/wp\/v2\/users\/2"}],"replies":[{"embeddable":true,"href":"https:\/\/zijiart.com\/index.php?rest_route=%2Fwp%2Fv2%2Fcomments&post=892"}],"version-history":[{"count":86,"href":"https:\/\/zijiart.com\/index.php?rest_route=\/wp\/v2\/pages\/892\/revisions"}],"predecessor-version":[{"id":2246,"href":"https:\/\/zijiart.com\/index.php?rest_route=\/wp\/v2\/pages\/892\/revisions\/2246"}],"wp:attachment":[{"href":"https:\/\/zijiart.com\/index.php?rest_route=%2Fwp%2Fv2%2Fmedia&parent=892"}],"curies":[{"name":"wp","href":"https:\/\/api.w.org\/{rel}","templated":true}]}}