{"id":889,"date":"2022-04-09T16:24:35","date_gmt":"2022-04-09T16:24:35","guid":{"rendered":"https:\/\/zijiart.com\/?page_id=889"},"modified":"2026-02-08T09:07:05","modified_gmt":"2026-02-08T09:07:05","slug":"tarifs","status":"publish","type":"page","link":"https:\/\/zijiart.com\/?page_id=889","title":{"rendered":"Tarifs"},"content":{"rendered":"<ul>\n<li><span style=\"color: #6aa84f;\" data-keep-original-tag=\"false\" data-original-attrs=\"{&quot;style&quot;:&quot;&quot;,&quot;face&quot;:&quot;\\&quot;helvetica neue\\&quot;, \\&quot;arial\\&quot;, \\&quot;helvetica\\&quot;, sans-serif&quot;}\"><span style=\"color: #993366;\"><strong>Cours d&rsquo;essai<\/strong> : <span style=\"color: #ff0000;\">10\u20ac<\/span><\/span><\/span><\/li>\n<\/ul>\n<p><span style=\"color: #e06666;\" data-keep-original-tag=\"false\" data-original-attrs=\"{&quot;style&quot;:&quot;&quot;,&quot;face&quot;:&quot;\\&quot;helvetica neue\\&quot;, \\&quot;arial\\&quot;, \\&quot;helvetica\\&quot;, sans-serif&quot;}\">Avant de vous engager:<\/span><\/p>\n<ul>\n<li><span style=\"color: #993300;\" data-keep-original-tag=\"false\" data-original-attrs=\"{&quot;style&quot;:&quot;&quot;,&quot;face&quot;:&quot;\\&quot;helvetica neue\\&quot;, \\&quot;arial\\&quot;, \\&quot;helvetica\\&quot;, sans-serif&quot;}\"><strong>Forfait <\/strong><\/span><span style=\"color: #6aa84f;\" data-keep-original-tag=\"false\" data-original-attrs=\"{&quot;style&quot;:&quot;&quot;,&quot;face&quot;:&quot;\\&quot;helvetica neue\\&quot;, \\&quot;arial\\&quot;, \\&quot;helvetica\\&quot;, sans-serif&quot;}\"><span style=\"color: #993300;\"><strong>d\u00e9couverte<\/strong><\/span> \u00a0<span style=\"color: #ff0000;\">3 <strong><span style=\"color: #993300;\">cours:<\/span><\/strong><\/span>\u00a0 <span style=\"color: #ff0000;\">44 \u20ac <\/span><\/span><span style=\"color: #808000;\" data-keep-original-tag=\"false\" data-original-attrs=\"{&quot;style&quot;:&quot;&quot;,&quot;face&quot;:&quot;\\&quot;helvetica neue\\&quot;, \\&quot;arial\\&quot;, \\&quot;helvetica\\&quot;, sans-serif&quot;}\">valable un mois <\/span><span style=\"color: #bf9000;\" data-keep-original-tag=\"false\" data-original-attrs=\"{&quot;style&quot;:&quot;&quot;,&quot;face&quot;:&quot;\\&quot;helvetica neue\\&quot;, \\&quot;arial\\&quot;, \\&quot;helvetica\\&quot;, sans-serif&quot;}\">hors adh\u00e9sion.<\/span><\/li>\n<\/ul>\n<div>\n<div data-original-attrs=\"{&quot;style&quot;:&quot;&quot;}\">\n<ul>\n<li data-original-attrs=\"{&quot;style&quot;:&quot;&quot;}\"><span style=\"color: #993300;\"><strong>Carnets:<\/strong><\/span><\/li>\n<\/ul>\n<div data-original-attrs=\"{&quot;style&quot;:&quot;&quot;}\"><strong><span style=\"color: #008000;\">Carnet de 28 cours :<\/span><\/strong> <span style=\"color: #ff0000;\">504 \u20ac\u00a0 <span style=\"color: #ff9900;\">(18\u20ac \/ cours)\u00a0<\/span><\/span><\/div>\n<div data-original-attrs=\"{&quot;style&quot;:&quot;&quot;}\"><span style=\"color: #808000;\">-valable 1 an de date \u00e0 date<\/span><\/div>\n<div data-original-attrs=\"{&quot;style&quot;:&quot;&quot;}\"><\/div>\n<\/div>\n<div data-original-attrs=\"{&quot;style&quot;:&quot;&quot;}\"><strong><span style=\"color: #008000;\">Carnet de 10 cours :<\/span><\/strong> <span style=\"color: #ff0000;\">190\u20ac <span style=\"color: #ff9900;\">(19\u20ac \/ cours)\u00a0<\/span><\/span><\/div>\n<div data-original-attrs=\"{&quot;style&quot;:&quot;&quot;}\"><span style=\"color: #808000;\">-valable 6 mois entre le 1\/09 et le 14\/07<\/span><\/div>\n<\/div>\n<div data-original-attrs=\"{&quot;style&quot;:&quot;&quot;}\"><\/div>\n<div data-original-attrs=\"{&quot;style&quot;:&quot;&quot;}\"><strong><span style=\"color: #008000;\">Carnet de 4 cours:<\/span><\/strong> <span style=\"color: #ff0000;\">75\u20ac <span style=\"color: #ff9900;\">(19\u20ac\/cours)<\/span><\/span><\/div>\n<div data-original-attrs=\"{&quot;style&quot;:&quot;&quot;}\"><span style=\"color: #808000;\">-valable 1 mois entre le 1\/09 et le 14\/07<\/span><\/div>\n<div>\n<div data-original-attrs=\"{&quot;style&quot;:&quot;&quot;}\">\n<div data-original-attrs=\"{&quot;style&quot;:&quot;&quot;}\">\n<p><span style=\"color: #339966;\"><strong>Cours \u00e0 l&rsquo;unit\u00e9<\/strong> :<\/span> <span style=\"color: #ff0000;\">22 \u20ac<\/span><\/p>\n<p><strong><span style=\"color: #76a5af;\" data-keep-original-tag=\"false\" data-original-attrs=\"{&quot;style&quot;:&quot;&quot;,&quot;face&quot;:&quot;\\&quot;helvetica neue\\&quot;, \\&quot;arial\\&quot;, \\&quot;helvetica\\&quot;, sans-serif&quot;}\">Avec votre abonnement vous pouvez acc\u00e9der <u>\u00e0 tous les cours<\/u>, quelque soit leur dur\u00e9e.<\/span><\/strong><\/p>\n<p><span style=\"color: #3366ff;\"><em><strong>Assurance\/Adh\u00e9sion annuelle \u00e0 l\u2019association ziji.art<\/strong> <\/em>:<\/span><span style=\"color: #ff0000;\"> 12 \u20ac<\/span> &#8211; <span style=\"color: #339966;\">valable de d\u00e9but octobre \u00e0 fin septembre<\/span><\/p>\n<\/div>\n<p>&nbsp;<\/p>\n<p><span style=\"color: #4285f4;\" data-keep-original-tag=\"false\" data-original-attrs=\"{&quot;style&quot;:&quot;&quot;}\"><span class=\"surlignebleu\" data-keep-original-tag=\"false\" data-original-attrs=\"{&quot;face&quot;:&quot;\\&quot;helvetica neue\\&quot;, \\&quot;arial\\&quot;, \\&quot;helvetica\\&quot;, sans-serif&quot;}\"><strong>Ateliers<\/strong>: <span style=\"color: #ff6600;\" data-keep-original-tag=\"false\" data-original-attrs=\"{&quot;style&quot;:&quot;&quot;}\"><span style=\"color: #ff0000;\">45\u20ac<\/span> <\/span><\/span><\/span><\/p>\n<\/div>\n<div data-original-attrs=\"{&quot;style&quot;:&quot;&quot;}\">\n<div data-original-attrs=\"{&quot;style&quot;:&quot;&quot;}\"><span data-keep-original-tag=\"false\" data-original-attrs=\"{&quot;face&quot;:&quot;\\&quot;helvetica neue\\&quot;, \\&quot;arial\\&quot;, \\&quot;helvetica\\&quot;, sans-serif&quot;}\"><span style=\"color: #6aa84f;\" data-keep-original-tag=\"false\" data-original-attrs=\"{&quot;style&quot;:&quot;&quot;}\">Cours \u00e0 domicile : 80 \u20ac\/groupe <\/span><\/span><br \/>\n<span data-keep-original-tag=\"false\" data-original-attrs=\"{&quot;face&quot;:&quot;\\&quot;helvetica neue\\&quot;, \\&quot;arial\\&quot;, \\&quot;helvetica\\&quot;, sans-serif&quot;}\"><span style=\"color: #660000;\" data-keep-original-tag=\"false\" data-original-attrs=\"{&quot;style&quot;:&quot;&quot;}\">Cours particulier : 70 \u20ac &#8211;\u00a0 si vous \u00eates handicap\u00e9: \u00e0 discuter<br \/>\n<\/span><\/span><\/div>\n<\/div>\n<div data-original-attrs=\"{&quot;style&quot;:&quot;&quot;}\">\n<p><span style=\"color: #666699;\" data-keep-original-tag=\"false\" data-original-attrs=\"{&quot;style&quot;:&quot;&quot;}\"><span style=\"font-size: medium;\" data-keep-original-tag=\"false\" data-original-attrs=\"{&quot;style&quot;:&quot;&quot;,&quot;face&quot;:&quot;\\&quot;helvetica neue\\&quot;, \\&quot;arial\\&quot;, \\&quot;helvetica\\&quot;, sans-serif&quot;}\">Enfants &#8211;\u00a0<\/span>Etudiants &#8211; Ch\u00f4meurs\u00a0 : 14 euros le cours hors forfait, ateliers gratuits pour les travailleurs sociaux.<\/span><\/p>\n<div data-original-attrs=\"{&quot;style&quot;:&quot;&quot;}\"><span style=\"color: #e06666;\" data-keep-original-tag=\"false\" data-original-attrs=\"{&quot;style&quot;:&quot;&quot;,&quot;face&quot;:&quot;\\&quot;helvetica neue\\&quot;, \\&quot;arial\\&quot;, \\&quot;helvetica\\&quot;, sans-serif&quot;}\">sur pr\u00e9sentation d&rsquo;un justificatif<br \/>\n<\/span><\/div>\n<\/div>\n<div data-original-attrs=\"{&quot;style&quot;:&quot;&quot;}\"><span data-keep-original-tag=\"false\" data-original-attrs=\"{&quot;style&quot;:&quot;&quot;}\"><b><i>Merci de payer au d\u00e9but du cours par <\/i><\/b><em><strong><u>ch\u00e8que <\/u><\/strong><\/em><b><i><u>libell\u00e9: association ziji.art <\/u><\/i><\/b><\/span><span data-keep-original-tag=\"false\" data-original-attrs=\"{&quot;style&quot;:&quot;&quot;}\"><b><i>il est possible de payer en trois fois. <\/i><\/b><\/span><\/div>\n<div data-original-attrs=\"{&quot;style&quot;:&quot;&quot;}\"><span data-keep-original-tag=\"false\" data-original-attrs=\"{&quot;style&quot;:&quot;&quot;}\"><b><i><u>ou par virement. <\/u><\/i><\/b><\/span><\/div>\n<div data-original-attrs=\"{&quot;style&quot;:&quot;&quot;}\"><span data-keep-original-tag=\"false\" data-original-attrs=\"{&quot;style&quot;:&quot;&quot;}\"><b><i>Pour votre CE\u00a0 : facture sur demande<\/i><\/b><\/span><\/div>\n<\/div>\n<div data-original-attrs=\"{&quot;style&quot;:&quot;&quot;}\"><\/div>\n<div data-original-attrs=\"{&quot;style&quot;:&quot;&quot;}\"><em>Aucun probl\u00e8me d&rsquo;argent ne devrait vous emp\u00eacher de faire du yoga, on peut discuter!<\/em><\/div>\n<div>\n<div data-original-attrs=\"{&quot;style&quot;:&quot;&quot;}\"><\/div>\n<\/div>\n<p><!--more--><\/p>\n<p><!--more--><\/p>\n","protected":false},"excerpt":{"rendered":"<p>Cours d&rsquo;essai : 10\u20ac Avant de vous engager: Forfait d\u00e9couverte \u00a03 cours:\u00a0 44 \u20ac valable un mois hors adh\u00e9sion. Carnets: Carnet de 28 cours : 504 \u20ac\u00a0 (18\u20ac \/ cours)\u00a0 -valable 1 an de date \u00e0 date Carnet de 10 cours : 190\u20ac (19\u20ac \/ cours)\u00a0 -valable 6 mois entre le 1\/09 et le 14\/07 Carnet de 4 cours: 75\u20ac (19\u20ac\/cours) -valable 1 mois entre le 1\/09 et le 14\/07 Cours \u00e0 l&rsquo;unit\u00e9 : 22 \u20ac Avec votre abonnement vous pouvez acc\u00e9der \u00e0 tous les cours, quelque soit leur dur\u00e9e. Assurance\/Adh\u00e9sion annuelle \u00e0 l\u2019association ziji.art : 12 \u20ac &#8211; valable de d\u00e9but octobre \u00e0 fin septembre &nbsp; Ateliers: 45\u20ac Cours \u00e0 domicile : 80 \u20ac\/groupe Cours particulier : 70 \u20ac &#8211;\u00a0 si vous \u00eates handicap\u00e9: \u00e0 discuter Enfants &#8211;\u00a0Etudiants &#8211; Ch\u00f4meurs\u00a0 : 14 euros le cours hors forfait, ateliers gratuits pour les travailleurs sociaux. sur pr\u00e9sentation d&rsquo;un justificatif Merci de payer au d\u00e9but du cours par ch\u00e8que libell\u00e9: association ziji.art il est possible de payer en trois fois. ou par virement. Pour votre CE\u00a0 : facture sur demande Aucun probl\u00e8me d&rsquo;argent ne devrait vous emp\u00eacher de faire du yoga, on peut discuter!<\/p>\n","protected":false},"author":2,"featured_media":0,"parent":0,"menu_order":0,"comment_status":"closed","ping_status":"closed","template":"","meta":{"footnotes":""},"class_list":["post-889","page","type-page","status-publish","hentry"],"_links":{"self":[{"href":"https:\/\/zijiart.com\/index.php?rest_route=\/wp\/v2\/pages\/889","targetHints":{"allow":["GET"]}}],"collection":[{"href":"https:\/\/zijiart.com\/index.php?rest_route=\/wp\/v2\/pages"}],"about":[{"href":"https:\/\/zijiart.com\/index.php?rest_route=\/wp\/v2\/types\/page"}],"author":[{"embeddable":true,"href":"https:\/\/zijiart.com\/index.php?rest_route=\/wp\/v2\/users\/2"}],"replies":[{"embeddable":true,"href":"https:\/\/zijiart.com\/index.php?rest_route=%2Fwp%2Fv2%2Fcomments&post=889"}],"version-history":[{"count":36,"href":"https:\/\/zijiart.com\/index.php?rest_route=\/wp\/v2\/pages\/889\/revisions"}],"predecessor-version":[{"id":2247,"href":"https:\/\/zijiart.com\/index.php?rest_route=\/wp\/v2\/pages\/889\/revisions\/2247"}],"wp:attachment":[{"href":"https:\/\/zijiart.com\/index.php?rest_route=%2Fwp%2Fv2%2Fmedia&parent=889"}],"curies":[{"name":"wp","href":"https:\/\/api.w.org\/{rel}","templated":true}]}}