{"id":887,"date":"2022-04-09T16:13:31","date_gmt":"2022-04-09T16:13:31","guid":{"rendered":"https:\/\/zijiart.com\/?page_id=887"},"modified":"2025-08-28T15:23:06","modified_gmt":"2025-08-28T15:23:06","slug":"ateliers","status":"publish","type":"page","link":"https:\/\/zijiart.com\/?page_id=887","title":{"rendered":"Ateliers"},"content":{"rendered":"<p style=\"text-align: left;\"><img loading=\"lazy\" decoding=\"async\" class=\"wp-image-8 size-thumbnail alignleft\" src=\"https:\/\/zijiart.com\/wp-content\/uploads\/2013\/07\/Yoga_demo-150x150.jpg\" alt=\"\" width=\"150\" height=\"150\" \/><\/p>\n<h2 style=\"text-align: center;\"><span style=\"color: #ff0000;\">Asanas &#8211; Pranayama &#8211; Nidra &#8211; M\u00e9ditation<\/span><\/h2>\n<p style=\"text-align: center;\" data-original-attrs=\"{&quot;style&quot;:&quot;&quot;}\"><span data-keep-original-tag=\"false\" data-original-attrs=\"{&quot;face&quot;:&quot;\\&quot;trebuchet ms\\&quot;, sans-serif&quot;}\">Ces ateliers sont particuli\u00e8rement d\u00e9di\u00e9s \u00e0 ceux d&rsquo;entre vous qui souhaitent approfondir leur pratique, d\u00e9couvrir le yoga dans tous ses aspects ou qui ne peuvent suivre de cours hebdomadaires. L&rsquo;atelier se partage en trois heures ou trois heures trente de travail postural, pranayama et m\u00e9ditation ou yoga nidra et un moment d&rsquo;\u00e9change autour d&rsquo;un th\u00e8me propos\u00e9.<\/span><\/p>\n<h2 data-original-attrs=\"{&quot;style&quot;:&quot;&quot;}\"><\/h2>\n<h2 style=\"text-align: center;\"><span style=\"color: #666699;\">Le dimanche mati<\/span><span style=\"color: #666699;\">n<\/span><\/h2>\n<h3 style=\"text-align: center;\"><strong><span style=\"color: #008080;\">\u00a0<\/span><\/strong><\/h3>\n<h3 style=\"text-align: center;\"><span style=\"color: #ff0000;\">\u2013 14 rue coli\u00a0 94120 Fontenay sous bois:\u00a0 <\/span><\/h3>\n<h3 style=\"text-align: center;\"><strong><span style=\"color: #008080;\">21 septembre, 12 octobre, 12 avril \u00a0de 10h00 \u00e0\u00a0 13h30\u00a0 \u00a0 \u00a0<\/span> <\/strong><\/h3>\n<h3 style=\"text-align: center;\">\u00a0 \u00a0<span style=\"color: #ff0000;\">\u2013 68 rue de la Folie M\u00e9ricourt 75011 Paris:\u00a0<\/span><\/h3>\n<h3 style=\"text-align: center;\"><span style=\"color: #008080;\"><strong>23 novembre\/18 janvier\/15 f\u00e9vrier\/ 15 mars 2025\u00a0 de 9h45 \u00e0 13h00\u00a0 \u00a0 \u00a0<\/strong><\/span><\/h3>\n<p style=\"text-align: center;\" data-original-attrs=\"{&quot;style&quot;:&quot;&quot;}\"><span data-keep-original-tag=\"false\" data-original-attrs=\"{&quot;face&quot;:&quot;\\&quot;trebuchet ms\\&quot;, sans-serif&quot;}\">C&rsquo;est l&rsquo;occasion de prendre notre temps, de poser des questions,<\/span> <span data-keep-original-tag=\"false\" data-original-attrs=\"{&quot;face&quot;:&quot;\\&quot;trebuchet ms\\&quot;, sans-serif&quot;}\">de d\u00e9couvrir les diff\u00e9rents objectifs du Hatha-Yoga ainsi que des pratiques rarement abord\u00e9es en cours comme les kriyas ou le pranayama.\u00a0<\/span><\/p>\n<p style=\"text-align: center;\" data-original-attrs=\"{&quot;style&quot;:&quot;&quot;}\"><span data-keep-original-tag=\"false\" data-original-attrs=\"{&quot;face&quot;:&quot;\\&quot;trebuchet ms\\&quot;, sans-serif&quot;}\">Le travail propos\u00e9 permet d&rsquo;aborder le yoga selon nos propres capacit\u00e9s, de d\u00e9couvrir pourquoi et comment nous nous limitons mais aussi de r\u00e9aliser la profondeur sans fin de notre exp\u00e9rience. Nul besoin d&rsquo;\u00eatre souple chacun travaillant \u00e0 son propre niveau, l&rsquo;approche est progressive et soutenue par une compr\u00e9hension de la m\u00e9canique du corps.<\/span><\/p>\n<h3 style=\"text-align: center;\"><strong><em>tous\u00a0 niveaux<\/em><\/strong><\/h3>\n<p style=\"text-align: center;\"><span data-keep-original-tag=\"false\" data-original-attrs=\"{&quot;face&quot;:&quot;\\&quot;trebuchet ms\\&quot;, sans-serif&quot;}\">En s\u2019entra\u00eenant \u00e0 <\/span><span data-keep-original-tag=\"false\" data-original-attrs=\"{&quot;face&quot;:&quot;\\&quot;trebuchet ms\\&quot;, sans-serif&quot;}\">percevoir, <\/span><span data-keep-original-tag=\"false\" data-original-attrs=\"{&quot;face&quot;:&quot;\\&quot;trebuchet ms\\&quot;, sans-serif&quot;}\">sentir,\u00a0 \u00e0 d\u00e9faire les fixations du mental discursif, on s\u2019aper\u00e7oit vite que l\u2019on a un \u00e9norme potentiel qui ne demande qu\u2019\u00e0 \u00eatre \u00e9veill\u00e9 !<\/span><\/p>\n<h6 style=\"text-align: center;\" data-original-attrs=\"{&quot;style&quot;:&quot;&quot;}\"><span data-keep-original-tag=\"false\" data-original-attrs=\"{&quot;face&quot;:&quot;\\&quot;trebuchet ms\\&quot;, sans-serif&quot;}\"><span style=\"color: #3d85c6;\" data-keep-original-tag=\"false\" data-original-attrs=\"{&quot;style&quot;:&quot;&quot;}\"><span style=\"font-size: x-large;\" data-keep-original-tag=\"false\" data-original-attrs=\"{&quot;style&quot;:&quot;&quot;}\">Tarif : 45\u20ac <\/span><\/span><\/span><\/h6>\n<p style=\"text-align: center;\" data-original-attrs=\"{&quot;style&quot;:&quot;&quot;}\"><span style=\"font-size: x-large; color: #666699;\" data-keep-original-tag=\"false\" data-original-attrs=\"{&quot;style&quot;:&quot;&quot;,&quot;face&quot;:&quot;\\&quot;verdana\\&quot;, sans-serif&quot;}\"><i><u>\u00e0 lire attentivement<\/u>\u00a0<\/i>:\u00a0<\/span><\/p>\n<p><span data-keep-original-tag=\"false\" data-original-attrs=\"{&quot;face&quot;:&quot;\\&quot;verdana\\&quot;, sans-serif&quot;}\">Inscription et renseignements<\/span><span data-keep-original-tag=\"false\" data-original-attrs=\"{&quot;face&quot;:&quot;\\&quot;verdana\\&quot;, sans-serif&quot;}\"> \u00e0 cette adresse <\/span><span data-keep-original-tag=\"false\" data-original-attrs=\"{&quot;face&quot;:&quot;\\&quot;helvetica neue\\&quot;, \\&quot;arial\\&quot;, \\&quot;helvetica\\&quot;, sans-serif&quot;}\"><b>info@zijiart.com <\/b><\/span><span data-keep-original-tag=\"false\" data-original-attrs=\"{&quot;face&quot;:&quot;\\&quot;verdana\\&quot;, sans-serif&quot;}\">et de <\/span><span data-keep-original-tag=\"false\" data-original-attrs=\"{&quot;face&quot;:&quot;\\&quot;helvetica neue\\&quot;, \\&quot;arial\\&quot;, \\&quot;helvetica\\&quot;, sans-serif&quot;}\">payer par ch\u00e8que, libell\u00e9 <b><u>association ziji.art\u00a0<\/u><\/b> ou par virement. <\/span><span data-keep-original-tag=\"false\" data-original-attrs=\"{&quot;face&quot;:&quot;\\&quot;helvetica neue\\&quot;, \\&quot;arial\\&quot;, \\&quot;helvetica\\&quot;, sans-serif&quot;}\">Votre inscription ne sera prise en compte qu&rsquo;apr\u00e8s r\u00e9ception de 15 euros d&rsquo;arrhes -qui en cas d&rsquo;annulation du stage seront rembours\u00e9es- <\/span><span data-keep-original-tag=\"false\" data-original-attrs=\"{&quot;face&quot;:&quot;\\&quot;helvetica neue\\&quot;, \\&quot;arial\\&quot;, \\&quot;helvetica\\&quot;, sans-serif&quot;}\">que vous pouvez remettre au cours ou par virement.<\/span><span data-keep-original-tag=\"false\" data-original-attrs=\"{&quot;face&quot;:&quot;\\&quot;helvetica neue\\&quot;, \\&quot;arial\\&quot;, \\&quot;helvetica\\&quot;, sans-serif&quot;}\"><br \/>\n<\/span><\/p>\n<div data-original-attrs=\"{&quot;style&quot;:&quot;&quot;}\"><span data-keep-original-tag=\"false\" data-original-attrs=\"{&quot;face&quot;:&quot;\\&quot;helvetica neue\\&quot;, \\&quot;arial\\&quot;, \\&quot;helvetica\\&quot;, sans-serif&quot;}\">Les inscriptions sont closes 2 jours avant l&rsquo;atelier. <\/span><\/div>\n<div data-original-attrs=\"{&quot;style&quot;:&quot;&quot;}\"><span data-keep-original-tag=\"false\" data-original-attrs=\"{&quot;face&quot;:&quot;\\&quot;helvetica neue\\&quot;, \\&quot;arial\\&quot;, \\&quot;helvetica\\&quot;, sans-serif&quot;}\">Merci de pr\u00e9venir de votre absence, m\u00eame au dernier moment des gens sur liste d&rsquo;attente peuvent \u00eatre int\u00e9ress\u00e9s et vos arrhes rembours\u00e9es.\u00a0<\/span><\/div>\n<div data-original-attrs=\"{&quot;style&quot;:&quot;&quot;}\"><span style=\"color: #990000;\" data-keep-original-tag=\"false\" data-original-attrs=\"{&quot;style&quot;:&quot;&quot;}\">\u00a0<\/span><\/div>\n<p style=\"text-align: center;\" data-original-attrs=\"{&quot;style&quot;:&quot;&quot;}\"><span style=\"font-size: large; color: #666699;\" data-keep-original-tag=\"false\" data-original-attrs=\"{&quot;style&quot;:&quot;&quot;}\"><b>Veuillez manger tr\u00e8s l\u00e9ger au moins une heure trente avant la pratique et m&rsquo;informer de vos probl\u00e8mes de sant\u00e9<\/b><\/span><\/p>\n<p style=\"text-align: left;\" data-original-attrs=\"{&quot;style&quot;:&quot;&quot;}\">\n","protected":false},"excerpt":{"rendered":"<p>Asanas &#8211; Pranayama &#8211; Nidra &#8211; M\u00e9ditation Ces ateliers sont particuli\u00e8rement d\u00e9di\u00e9s \u00e0 ceux d&rsquo;entre vous qui souhaitent approfondir leur pratique, d\u00e9couvrir le yoga dans tous ses aspects ou qui ne peuvent suivre de cours hebdomadaires. L&rsquo;atelier se partage en trois heures ou trois heures trente de travail postural, pranayama et m\u00e9ditation ou yoga nidra et un moment d&rsquo;\u00e9change autour d&rsquo;un th\u00e8me propos\u00e9. Le dimanche matin \u00a0 \u2013 14 rue coli\u00a0 94120 Fontenay sous bois:\u00a0 21 septembre, 12 octobre, 12 avril \u00a0de 10h00 \u00e0\u00a0 13h30\u00a0 \u00a0 \u00a0 \u00a0 \u00a0\u2013 68 rue de la Folie M\u00e9ricourt 75011 Paris:\u00a0 23 novembre\/18 janvier\/15 f\u00e9vrier\/ 15 mars 2025\u00a0 de 9h45 \u00e0 13h00\u00a0 \u00a0 \u00a0 C&rsquo;est l&rsquo;occasion de prendre notre temps, de poser des questions, de d\u00e9couvrir les diff\u00e9rents objectifs du Hatha-Yoga ainsi que des pratiques rarement abord\u00e9es en cours comme les kriyas ou le pranayama.\u00a0 Le travail propos\u00e9 permet d&rsquo;aborder le yoga selon nos propres capacit\u00e9s, de d\u00e9couvrir pourquoi et comment nous nous limitons mais aussi de r\u00e9aliser la profondeur sans fin de notre exp\u00e9rience. Nul besoin d&rsquo;\u00eatre souple chacun travaillant \u00e0 son propre niveau, l&rsquo;approche est progressive et soutenue par une compr\u00e9hension de la m\u00e9canique du corps. tous\u00a0 niveaux En s\u2019entra\u00eenant \u00e0 percevoir, sentir,\u00a0 \u00e0 d\u00e9faire les fixations du mental discursif, on s\u2019aper\u00e7oit vite que l\u2019on a un \u00e9norme potentiel qui ne demande qu\u2019\u00e0 \u00eatre \u00e9veill\u00e9 ! Tarif : 45\u20ac \u00e0 lire attentivement\u00a0:\u00a0 Inscription et renseignements \u00e0 cette adresse info@zijiart.com et de payer par ch\u00e8que, libell\u00e9 association ziji.art\u00a0 ou par virement. Votre inscription ne sera prise en compte qu&rsquo;apr\u00e8s r\u00e9ception de 15 euros d&rsquo;arrhes -qui en cas d&rsquo;annulation du stage seront rembours\u00e9es- que vous pouvez remettre au cours ou par virement. Les inscriptions sont closes 2 jours avant l&rsquo;atelier. Merci de pr\u00e9venir de votre absence, m\u00eame au dernier moment des gens sur liste d&rsquo;attente peuvent \u00eatre int\u00e9ress\u00e9s et vos arrhes rembours\u00e9es.\u00a0 \u00a0 Veuillez manger tr\u00e8s l\u00e9ger au moins une heure trente avant la pratique et m&rsquo;informer de vos probl\u00e8mes de sant\u00e9<\/p>\n","protected":false},"author":2,"featured_media":0,"parent":0,"menu_order":0,"comment_status":"closed","ping_status":"closed","template":"","meta":{"footnotes":""},"class_list":["post-887","page","type-page","status-publish","hentry"],"_links":{"self":[{"href":"https:\/\/zijiart.com\/index.php?rest_route=\/wp\/v2\/pages\/887","targetHints":{"allow":["GET"]}}],"collection":[{"href":"https:\/\/zijiart.com\/index.php?rest_route=\/wp\/v2\/pages"}],"about":[{"href":"https:\/\/zijiart.com\/index.php?rest_route=\/wp\/v2\/types\/page"}],"author":[{"embeddable":true,"href":"https:\/\/zijiart.com\/index.php?rest_route=\/wp\/v2\/users\/2"}],"replies":[{"embeddable":true,"href":"https:\/\/zijiart.com\/index.php?rest_route=%2Fwp%2Fv2%2Fcomments&post=887"}],"version-history":[{"count":38,"href":"https:\/\/zijiart.com\/index.php?rest_route=\/wp\/v2\/pages\/887\/revisions"}],"predecessor-version":[{"id":926,"href":"https:\/\/zijiart.com\/index.php?rest_route=\/wp\/v2\/pages\/887\/revisions\/926"}],"wp:attachment":[{"href":"https:\/\/zijiart.com\/index.php?rest_route=%2Fwp%2Fv2%2Fmedia&parent=887"}],"curies":[{"name":"wp","href":"https:\/\/api.w.org\/{rel}","templated":true}]}}