{"id":18,"date":"2013-07-01T16:25:34","date_gmt":"2013-07-01T16:25:34","guid":{"rendered":"http:\/\/new.zijiart.com\/?page_id=18"},"modified":"2024-03-13T09:00:30","modified_gmt":"2024-03-13T09:00:30","slug":"contact","status":"publish","type":"page","link":"https:\/\/zijiart.com\/?page_id=18","title":{"rendered":"Kontakt"},"content":{"rendered":"<p>&nbsp;<\/p>\n<p><a href=\"https:\/\/zijiart.com\/wp-content\/uploads\/2013\/07\/photo.jpg\"><img loading=\"lazy\" decoding=\"async\" class=\"size-medium wp-image-580 aligncenter\" src=\"https:\/\/zijiart.com\/wp-content\/uploads\/2013\/07\/photo-225x300.jpg\" alt=\"photo\" width=\"225\" height=\"300\" srcset=\"https:\/\/zijiart.com\/wp-content\/uploads\/2013\/07\/photo-225x300.jpg 225w, https:\/\/zijiart.com\/wp-content\/uploads\/2013\/07\/photo-768x1024.jpg 768w, https:\/\/zijiart.com\/wp-content\/uploads\/2013\/07\/photo-250x333.jpg 250w, https:\/\/zijiart.com\/wp-content\/uploads\/2013\/07\/photo.jpg 1200w\" sizes=\"auto, (max-width: 225px) 100vw, 225px\" \/><\/a><\/p>\n<p style=\"text-align: center;\"><strong><span style=\"color: #ff0000;\">Florence Derail<\/span><\/strong><\/p>\n<p style=\"text-align: center;\"><span style=\"color: #ff9900;\">T\u00e9l\u00e9phone : 06 80 70 37 58<\/span><\/p>\n<p style=\"text-align: center;\"><span style=\"color: #ff9900;\">Courriel : <span style=\"color: #ff6600;\"><a style=\"color: #ff6600;\" href=\"mailto:\/\/florence.derail@zijiart.com\">info@zijiart.com<\/a><\/span><\/span><\/p>\n<p style=\"text-align: center;\"><span style=\"color: #ff9900;\">J\u2019anime le collectif \u00abziji.art\u00bb dans lequel j\u2019enseigne <\/span><span style=\"color: #ff9900;\">le hatha yoga, <\/span><span style=\"color: #ff9900;\"><span style=\"color: #ff0000;\"><a style=\"color: #ff0000;\" href=\"https:\/\/zijiart.com\/?page_id=1464\">mudra conscience de l&rsquo;espace<\/a><\/span> ainsi que la <span style=\"color: #800000;\"><a style=\"color: #800000;\" href=\"https:\/\/zijiart.com\/?page_id=1548\">m\u00e9ditation<\/a><\/span> dans le but de contribuer \u00e0 une soci\u00e9t\u00e9 o\u00f9 l\u2019on reconnaisse la valeur, le potentiel et l\u2019humanit\u00e9 des gens.<\/span><\/p>\n<p>&nbsp;<\/p>\n","protected":false},"excerpt":{"rendered":"<p>&nbsp; Florence Derail T\u00e9l\u00e9phone : 06 80 70 37 58 Courriel : info@zijiart.com J\u2019anime le collectif \u00abziji.art\u00bb dans lequel j\u2019enseigne le hatha yoga, mudra conscience de l&rsquo;espace ainsi que la m\u00e9ditation dans le but de contribuer \u00e0 une soci\u00e9t\u00e9 o\u00f9 l\u2019on reconnaisse la valeur, le potentiel et l\u2019humanit\u00e9 des gens. &nbsp;<\/p>\n","protected":false},"author":1,"featured_media":0,"parent":0,"menu_order":6,"comment_status":"closed","ping_status":"closed","template":"","meta":{"footnotes":""},"class_list":["post-18","page","type-page","status-publish","hentry"],"_links":{"self":[{"href":"https:\/\/zijiart.com\/index.php?rest_route=\/wp\/v2\/pages\/18","targetHints":{"allow":["GET"]}}],"collection":[{"href":"https:\/\/zijiart.com\/index.php?rest_route=\/wp\/v2\/pages"}],"about":[{"href":"https:\/\/zijiart.com\/index.php?rest_route=\/wp\/v2\/types\/page"}],"author":[{"embeddable":true,"href":"https:\/\/zijiart.com\/index.php?rest_route=\/wp\/v2\/users\/1"}],"replies":[{"embeddable":true,"href":"https:\/\/zijiart.com\/index.php?rest_route=%2Fwp%2Fv2%2Fcomments&post=18"}],"version-history":[{"count":26,"href":"https:\/\/zijiart.com\/index.php?rest_route=\/wp\/v2\/pages\/18\/revisions"}],"predecessor-version":[{"id":2034,"href":"https:\/\/zijiart.com\/index.php?rest_route=\/wp\/v2\/pages\/18\/revisions\/2034"}],"wp:attachment":[{"href":"https:\/\/zijiart.com\/index.php?rest_route=%2Fwp%2Fv2%2Fmedia&parent=18"}],"curies":[{"name":"wp","href":"https:\/\/api.w.org\/{rel}","templated":true}]}}