{"id":1548,"date":"2023-07-28T20:11:58","date_gmt":"2023-07-28T20:11:58","guid":{"rendered":"https:\/\/zijiart.com\/?page_id=1548"},"modified":"2023-12-29T12:29:25","modified_gmt":"2023-12-29T12:29:25","slug":"la-meditation","status":"publish","type":"page","link":"https:\/\/zijiart.com\/?page_id=1548","title":{"rendered":"La m\u00e9ditation"},"content":{"rendered":"<div id=\"Contenu\">\n<p>ou pratique de l\u2019attention &#8211; conscience claire, fournit un moyen simple mais puissant pour couper la fixation et le speed du mental, elle offre une pause, une prise de recul un espace afin que clairvoyance, intuition puissent se manifester, nous lib\u00e8re de nos pr\u00e9conceptions, \u00e9claircit le terrain encore et encore, et nous permet de faire \u00e9merger les qualit\u00e9s inh\u00e9rentes de notre esprit : force, souplesse et stabilit\u00e9.<br \/>\nNous apprenons ainsi \u00e0 entrer en contact et reconna\u00eetre nos \u00e9tats d\u2019esprit, apprenant directement \u00e0 partir de notre exp\u00e9rience, moment apr\u00e8s moment. Nous comprenons que nous pouvons ralentir, nous d\u00e9tendre avant de produire quoi que ce soit, et d\u00e9velopper une plus grande conscience de nous-m\u00eame et du monde dans lequel nous vivons. Ce processus, bas\u00e9 sur l\u2019\u00e9coute de soi et des autres, cr\u00e9e de la pr\u00e9cision, de l\u2019ouverture, de la confiance et de la douceur et permet de mieux communiquer car nous cherchons \u00e0 synchroniser corps parole et esprit \u2026<\/p>\n<p><img loading=\"lazy\" decoding=\"async\" class=\"alignnone size-thumbnail wp-image-1671\" src=\"https:\/\/zijiart.com\/wp-content\/uploads\/2023\/08\/signal-2021-10-20-21-01-58-529-165x165.jpg\" alt=\"\" width=\"165\" height=\"165\" srcset=\"https:\/\/zijiart.com\/wp-content\/uploads\/2023\/08\/signal-2021-10-20-21-01-58-529-165x165.jpg 165w, https:\/\/zijiart.com\/wp-content\/uploads\/2023\/08\/signal-2021-10-20-21-01-58-529-300x300.jpg 300w, https:\/\/zijiart.com\/wp-content\/uploads\/2023\/08\/signal-2021-10-20-21-01-58-529-75x75.jpg 75w\" sizes=\"auto, (max-width: 165px) 100vw, 165px\" \/><\/p>\n<p>Cette approche permet de vivre une vie plus riche et plus remplie, de comprendre qui nous sommes en tant qu\u2019\u00eatre humain, de pouvoir \u00eatre soi-m\u00eame et travailler avec et pour le b\u00e9n\u00e9fice des autres dans une soci\u00e9t\u00e9 aux d\u00e9fis constants et aux changements toujours plus rapides.<\/p>\n<\/div>\n<p>&nbsp;<\/p>\n","protected":false},"excerpt":{"rendered":"<p>ou pratique de l\u2019attention &#8211; conscience claire, fournit un moyen simple mais puissant pour couper la fixation et le speed du mental, elle offre une pause, une prise de recul un espace afin que clairvoyance, intuition puissent se manifester, nous lib\u00e8re de nos pr\u00e9conceptions, \u00e9claircit le terrain encore et encore, et nous permet de faire \u00e9merger les qualit\u00e9s inh\u00e9rentes de notre esprit : force, souplesse et stabilit\u00e9. Nous apprenons ainsi \u00e0 entrer en contact et reconna\u00eetre nos \u00e9tats d\u2019esprit, apprenant directement \u00e0 partir de notre exp\u00e9rience, moment apr\u00e8s moment. Nous comprenons que nous pouvons ralentir, nous d\u00e9tendre avant de produire quoi que ce soit, et d\u00e9velopper une plus grande conscience de nous-m\u00eame et du monde dans lequel nous vivons. Ce processus, bas\u00e9 sur l\u2019\u00e9coute de soi et des autres, cr\u00e9e de la pr\u00e9cision, de l\u2019ouverture, de la confiance et de la douceur et permet de mieux communiquer car nous cherchons \u00e0 synchroniser corps parole et esprit \u2026 Cette approche permet de vivre une vie plus riche et plus remplie, de comprendre qui nous sommes en tant qu\u2019\u00eatre humain, de pouvoir \u00eatre soi-m\u00eame et travailler avec et pour le b\u00e9n\u00e9fice des autres dans une soci\u00e9t\u00e9 aux d\u00e9fis constants et aux changements toujours plus rapides. &nbsp;<\/p>\n","protected":false},"author":2,"featured_media":0,"parent":0,"menu_order":0,"comment_status":"closed","ping_status":"closed","template":"","meta":{"footnotes":""},"class_list":["post-1548","page","type-page","status-publish","hentry"],"_links":{"self":[{"href":"https:\/\/zijiart.com\/index.php?rest_route=\/wp\/v2\/pages\/1548","targetHints":{"allow":["GET"]}}],"collection":[{"href":"https:\/\/zijiart.com\/index.php?rest_route=\/wp\/v2\/pages"}],"about":[{"href":"https:\/\/zijiart.com\/index.php?rest_route=\/wp\/v2\/types\/page"}],"author":[{"embeddable":true,"href":"https:\/\/zijiart.com\/index.php?rest_route=\/wp\/v2\/users\/2"}],"replies":[{"embeddable":true,"href":"https:\/\/zijiart.com\/index.php?rest_route=%2Fwp%2Fv2%2Fcomments&post=1548"}],"version-history":[{"count":6,"href":"https:\/\/zijiart.com\/index.php?rest_route=\/wp\/v2\/pages\/1548\/revisions"}],"predecessor-version":[{"id":1964,"href":"https:\/\/zijiart.com\/index.php?rest_route=\/wp\/v2\/pages\/1548\/revisions\/1964"}],"wp:attachment":[{"href":"https:\/\/zijiart.com\/index.php?rest_route=%2Fwp%2Fv2%2Fmedia&parent=1548"}],"curies":[{"name":"wp","href":"https:\/\/api.w.org\/{rel}","templated":true}]}}