{"id":1042,"date":"2022-05-08T20:22:24","date_gmt":"2022-05-08T20:22:24","guid":{"rendered":"https:\/\/zijiart.com\/?page_id=1042"},"modified":"2026-02-08T09:18:08","modified_gmt":"2026-02-08T09:18:08","slug":"professeure","status":"publish","type":"page","link":"https:\/\/zijiart.com\/?page_id=1042","title":{"rendered":"Professeure"},"content":{"rendered":"<p>Portable: 06 80 70 37 58<\/p>\n<p>Courriel: <a href=\"mailto:info@gmail.com\">info@zijiart.com<\/a><\/p>\n<p>Florence Derail pratique le yoga traditionnel depuis 1989 et enseigne depuis 2002.<\/p>\n<p>Dipl\u00f4me Fidhy (4 ans d&rsquo;\u00e9tudes) <a href=\"https:\/\/www.fidhy.fr\/\">https:\/\/www.fidhy.fr\/<\/a><\/p>\n<p>En apprentissage continu !<\/p>\n<p>Affili\u00e9e \u00e0 la Fidhy et l&rsquo;Union Europ\u00e9enne de Yoga.<\/p>\n<p>Pratique la m\u00e9ditation dans la tradition tib\u00e9taine depuis 1997.<\/p>\n<p>&nbsp;<\/p>\n<div data-original-attrs=\"{&quot;style&quot;:&quot;&quot;}\"><img loading=\"lazy\" decoding=\"async\" class=\"alignnone\" src=\"https:\/\/1.bp.blogspot.com\/-lyG-6c1u7UA\/T2tnCxxdcGI\/AAAAAAAAAAw\/Chy-S8FrjjA\/s320\/art+village.jpg\" alt=\"\" width=\"320\" height=\"217\" border=\"0\" \/><\/div>\n<div data-original-attrs=\"{&quot;style&quot;:&quot;&quot;}\"><\/div>\n<div data-original-attrs=\"{&quot;style&quot;:&quot;&quot;}\">\u00a0\u00bb Je ne suis pas professeur de yoga, je suis un yogi. Je suis un yogi, je vis ce que je pense, pratique et enseigne, en vivant cette exigence ardue de coh\u00e9rence et d&rsquo;int\u00e9grit\u00e9; je n&rsquo;essaie pas de faire bonne figure.\u00a0\u00bb <span style=\"color: #ff6600;\"><a style=\"color: #ff6600;\" href=\"https:\/\/zijiart.com\/?page_id=894\">Sr\u00ee Satchidananda<\/a>,<\/span> le yogi silencieux de Madras.<\/div>\n","protected":false},"excerpt":{"rendered":"<p>Portable: 06 80 70 37 58 Courriel: info@zijiart.com Florence Derail pratique le yoga traditionnel depuis 1989 et enseigne depuis 2002. Dipl\u00f4me Fidhy (4 ans d&rsquo;\u00e9tudes) https:\/\/www.fidhy.fr\/ En apprentissage continu ! Affili\u00e9e \u00e0 la Fidhy et l&rsquo;Union Europ\u00e9enne de Yoga. Pratique la m\u00e9ditation dans la tradition tib\u00e9taine depuis 1997. &nbsp; \u00a0\u00bb Je ne suis pas professeur de yoga, je suis un yogi. Je suis un yogi, je vis ce que je pense, pratique et enseigne, en vivant cette exigence ardue de coh\u00e9rence et d&rsquo;int\u00e9grit\u00e9; je n&rsquo;essaie pas de faire bonne figure.\u00a0\u00bb Sr\u00ee Satchidananda, le yogi silencieux de Madras.<\/p>\n","protected":false},"author":2,"featured_media":0,"parent":0,"menu_order":0,"comment_status":"closed","ping_status":"closed","template":"","meta":{"footnotes":""},"class_list":["post-1042","page","type-page","status-publish","hentry"],"_links":{"self":[{"href":"https:\/\/zijiart.com\/index.php?rest_route=\/wp\/v2\/pages\/1042","targetHints":{"allow":["GET"]}}],"collection":[{"href":"https:\/\/zijiart.com\/index.php?rest_route=\/wp\/v2\/pages"}],"about":[{"href":"https:\/\/zijiart.com\/index.php?rest_route=\/wp\/v2\/types\/page"}],"author":[{"embeddable":true,"href":"https:\/\/zijiart.com\/index.php?rest_route=\/wp\/v2\/users\/2"}],"replies":[{"embeddable":true,"href":"https:\/\/zijiart.com\/index.php?rest_route=%2Fwp%2Fv2%2Fcomments&post=1042"}],"version-history":[{"count":18,"href":"https:\/\/zijiart.com\/index.php?rest_route=\/wp\/v2\/pages\/1042\/revisions"}],"predecessor-version":[{"id":2248,"href":"https:\/\/zijiart.com\/index.php?rest_route=\/wp\/v2\/pages\/1042\/revisions\/2248"}],"wp:attachment":[{"href":"https:\/\/zijiart.com\/index.php?rest_route=%2Fwp%2Fv2%2Fmedia&parent=1042"}],"curies":[{"name":"wp","href":"https:\/\/api.w.org\/{rel}","templated":true}]}}